{"id":678,"date":"2021-01-03T10:06:52","date_gmt":"2021-01-03T10:06:52","guid":{"rendered":"https:\/\/craftmaya.com\/?post_type=product&#038;p=678"},"modified":"2021-01-03T10:46:01","modified_gmt":"2021-01-03T10:46:01","slug":"cundi-statue-five-color-oxidized-statue","status":"publish","type":"product","link":"https:\/\/craftmaya.com\/index.php\/product\/cundi-statue-five-color-oxidized-statue\/","title":{"rendered":"Cundi Statue \/ Five Color Oxidized Statue"},"content":{"rendered":"<p>Cundi is a bodhisattva and an incarnation of the\u00a0 Cundi Dharani. Cund\u012b appears with eighteen arms on a lotus flower and is sometimes referred to as the &#8220;Goddess of the Seventy Million [Buddhas]&#8221;<\/p>\n<p>According to the\u00a0<i><i title=\"International Alphabet of Sanskrit transliteration\">Cund\u012b Dh\u0101ra\u1e47\u012b S\u016btra<\/i><\/i>, the dharani associated with Cund\u012b is the following:<sup id=\"cite_ref-The_Cund\u012b_Dh\u0101ra\u1e47\u012b_S\u016btra_5-0\" class=\"reference\"><\/sup><\/p>\n<dl>\n<dd><i><i title=\"International Alphabet of Sanskrit transliteration\">nama\u1e25 sapt\u0101n\u0101\u1e43 samyaksa\u1e43buddha ko\u1e6d\u012bn\u0101\u1e43 tadyath\u0101<\/i><\/i><\/dd>\n<dd><i><i title=\"International Alphabet of Sanskrit transliteration\">o\u1e43 cale cule cund\u012b sv\u0101h\u0101<\/i><\/i><\/dd>\n<dd>Cund\u012b is depicted with eighteen arms, each wielding implements that symbolize upaya. Her eighteen arms also represent the eighteen merits of attaining Buddhahood as described in an appendix to the <i><i title=\"International Alphabet of Sanskrit transliteration\">Cund\u012b Dh\u0101ra\u1e47\u012b S\u016btra<\/i><\/i>.<\/dd>\n<\/dl>\n","protected":false},"excerpt":{"rendered":"<p>Cundi is a bodhisattva and an incarnation of the\u00a0 Cundi Dharani. Cund\u012b appears with eighteen arms on a lotus flower and is sometimes referred to as the &#8220;Goddess of the Seventy Million [Buddhas]&#8221; According to the\u00a0Cund\u012b Dh\u0101ra\u1e47\u012b S\u016btra, the dharani associated with Cund\u012b is the following: nama\u1e25 sapt\u0101n\u0101\u1e43 samyaksa\u1e43buddha ko\u1e6d\u012bn\u0101\u1e43 tadyath\u0101 o\u1e43 cale cule cund\u012b [&hellip;]<\/p>\n","protected":false},"featured_media":680,"comment_status":"open","ping_status":"closed","template":"","meta":[],"_links":{"self":[{"href":"https:\/\/craftmaya.com\/index.php\/wp-json\/wp\/v2\/product\/678"}],"collection":[{"href":"https:\/\/craftmaya.com\/index.php\/wp-json\/wp\/v2\/product"}],"about":[{"href":"https:\/\/craftmaya.com\/index.php\/wp-json\/wp\/v2\/types\/product"}],"replies":[{"embeddable":true,"href":"https:\/\/craftmaya.com\/index.php\/wp-json\/wp\/v2\/comments?post=678"}],"wp:featuredmedia":[{"embeddable":true,"href":"https:\/\/craftmaya.com\/index.php\/wp-json\/wp\/v2\/media\/680"}],"wp:attachment":[{"href":"https:\/\/craftmaya.com\/index.php\/wp-json\/wp\/v2\/media?parent=678"}],"curies":[{"name":"wp","href":"https:\/\/api.w.org\/{rel}","templated":true}]}}